{"id":1552,"date":"2025-06-11T09:09:51","date_gmt":"2025-06-11T06:09:51","guid":{"rendered":"https:\/\/iztesmakina.net\/?page_id=1552"},"modified":"2025-07-16T09:08:12","modified_gmt":"2025-07-16T06:08:12","slug":"plc-linear-testereler-2","status":"publish","type":"page","link":"https:\/\/iztesmakina.net\/?page_id=1552","title":{"rendered":"PLC Linear Testereler"},"content":{"rendered":"\t\t<div data-elementor-type=\"wp-page\" data-elementor-id=\"1552\" class=\"elementor elementor-1552\" data-elementor-settings=\"{&quot;ha_cmc_init_switcher&quot;:&quot;no&quot;}\">\n\t\t\t\t<div class=\"elementor-element elementor-element-4fee570 e-grid e-con-boxed e-con e-parent\" data-id=\"4fee570\" data-element_type=\"container\" data-e-type=\"container\" data-settings=\"{&quot;_ha_eqh_enable&quot;:false}\">\n\t\t\t\t\t<div class=\"e-con-inner\">\n\t\t\t\t<div class=\"elementor-element elementor-element-2d62a7b ekit-equal-height-disable elementor-widget elementor-widget-elementskit-image-box\" data-id=\"2d62a7b\" data-element_type=\"widget\" data-e-type=\"widget\" data-widget_type=\"elementskit-image-box.default\">\n\t\t\t\t<div class=\"elementor-widget-container\">\n\t\t\t\t\t<div class=\"ekit-wid-con\" >\n            <div class=\"elementskit-info-image-box ekit-image-box text-center simple-card\" >\n\n                \n                <div class=\"elementskit-box-header image-box-img-center\">\n\n                    <img fetchpriority=\"high\" decoding=\"async\" width=\"1392\" height=\"1122\" src=\"https:\/\/iztesmakina.net\/wp-content\/uploads\/2025\/06\/350-PLC-Tam-Otomatik.png\" class=\"attachment-full size-full wp-image-1409\" alt=\"\" srcset=\"https:\/\/iztesmakina.net\/wp-content\/uploads\/2025\/06\/350-PLC-Tam-Otomatik.png 1392w, https:\/\/iztesmakina.net\/wp-content\/uploads\/2025\/06\/350-PLC-Tam-Otomatik-300x242.png 300w, https:\/\/iztesmakina.net\/wp-content\/uploads\/2025\/06\/350-PLC-Tam-Otomatik-1024x825.png 1024w, https:\/\/iztesmakina.net\/wp-content\/uploads\/2025\/06\/350-PLC-Tam-Otomatik-768x619.png 768w\" sizes=\"(max-width: 1392px) 100vw, 1392px\" \/>\n                <\/div>\n                \n                <div class=\"elementskit-box-body ekit-image-box-body\">\n                    <div class=\"elementskit-box-content ekit-image-box-body-inner\">\n                                                <h3 class=\"elementskit-info-box-title\">\n\n                        \u0130ZTES 350 Linear PLC Tam Otomatik\n                        \n                    <\/h3>\n                                                            <div class=\"elementskit-box-style-content\">\n                        \u00d8350 Linear PLC Tam Otomatik                    <\/div>\n                                    <\/div>\n\n                                <div class=\"elementskit-box-footer\">\n                    <div class=\"box-footer\">\n                        <div class=\"btn-wraper\">\n                                                            <a href=\"https:\/\/iztesmakina.net\/?page_id=1748\" class=\"elementskit-btn whitespace--normal\">\n                                    \n                                    \n                                    Daha Fazla                                <\/a>\n                                                        <\/div>\n                    <\/div>\n                <\/div>\n                            <\/div>\n            <\/div>\n    <\/div>\t\t\t\t<\/div>\n\t\t\t\t<\/div>\n\t\t\t\t<div class=\"elementor-element elementor-element-ead1329 ekit-equal-height-disable elementor-widget elementor-widget-elementskit-image-box\" data-id=\"ead1329\" data-element_type=\"widget\" data-e-type=\"widget\" data-widget_type=\"elementskit-image-box.default\">\n\t\t\t\t<div class=\"elementor-widget-container\">\n\t\t\t\t\t<div class=\"ekit-wid-con\" >\n            <div class=\"elementskit-info-image-box ekit-image-box text-center simple-card\" >\n\n                \n                <div class=\"elementskit-box-header image-box-img-center\">\n\n                    <img decoding=\"async\" width=\"1392\" height=\"1122\" src=\"https:\/\/iztesmakina.net\/wp-content\/uploads\/2025\/06\/450-Linear-PLC-Tam-Otomatik.png\" class=\"attachment-full size-full wp-image-1412\" alt=\"\" srcset=\"https:\/\/iztesmakina.net\/wp-content\/uploads\/2025\/06\/450-Linear-PLC-Tam-Otomatik.png 1392w, https:\/\/iztesmakina.net\/wp-content\/uploads\/2025\/06\/450-Linear-PLC-Tam-Otomatik-300x242.png 300w, https:\/\/iztesmakina.net\/wp-content\/uploads\/2025\/06\/450-Linear-PLC-Tam-Otomatik-1024x825.png 1024w, https:\/\/iztesmakina.net\/wp-content\/uploads\/2025\/06\/450-Linear-PLC-Tam-Otomatik-768x619.png 768w\" sizes=\"(max-width: 1392px) 100vw, 1392px\" \/>\n                <\/div>\n                \n                <div class=\"elementskit-box-body ekit-image-box-body\">\n                    <div class=\"elementskit-box-content ekit-image-box-body-inner\">\n                                                <h3 class=\"elementskit-info-box-title\">\n\n                        \u0130ZTES 450 Linear PLC Tam Otomatik\n                        \n                    <\/h3>\n                                                            <div class=\"elementskit-box-style-content\">\n                        \u00d8450 Linear  PLC Tam Otomatik                    <\/div>\n                                    <\/div>\n\n                                <div class=\"elementskit-box-footer\">\n                    <div class=\"box-footer\">\n                        <div class=\"btn-wraper\">\n                                                            <a href=\"https:\/\/iztesmakina.net\/?page_id=1495\" class=\"elementskit-btn whitespace--normal\">\n                                    \n                                    \n                                    Daha Fazla                                <\/a>\n                                                        <\/div>\n                    <\/div>\n                <\/div>\n                            <\/div>\n            <\/div>\n    <\/div>\t\t\t\t<\/div>\n\t\t\t\t<\/div>\n\t\t\t\t<div class=\"elementor-element elementor-element-8de8bdb ekit-equal-height-disable elementor-widget elementor-widget-elementskit-image-box\" data-id=\"8de8bdb\" data-element_type=\"widget\" data-e-type=\"widget\" data-widget_type=\"elementskit-image-box.default\">\n\t\t\t\t<div class=\"elementor-widget-container\">\n\t\t\t\t\t<div class=\"ekit-wid-con\" >\n            <div class=\"elementskit-info-image-box ekit-image-box text-center simple-card\" >\n\n                \n                <div class=\"elementskit-box-header image-box-img-center\">\n\n                    <img decoding=\"async\" width=\"1392\" height=\"1122\" src=\"https:\/\/iztesmakina.net\/wp-content\/uploads\/2025\/06\/550-Linear-PLC-Tam-Otomatik.png\" class=\"attachment-full size-full wp-image-1414\" alt=\"\" srcset=\"https:\/\/iztesmakina.net\/wp-content\/uploads\/2025\/06\/550-Linear-PLC-Tam-Otomatik.png 1392w, https:\/\/iztesmakina.net\/wp-content\/uploads\/2025\/06\/550-Linear-PLC-Tam-Otomatik-300x242.png 300w, https:\/\/iztesmakina.net\/wp-content\/uploads\/2025\/06\/550-Linear-PLC-Tam-Otomatik-1024x825.png 1024w, https:\/\/iztesmakina.net\/wp-content\/uploads\/2025\/06\/550-Linear-PLC-Tam-Otomatik-768x619.png 768w\" sizes=\"(max-width: 1392px) 100vw, 1392px\" \/>\n                <\/div>\n                \n                <div class=\"elementskit-box-body ekit-image-box-body\">\n                    <div class=\"elementskit-box-content ekit-image-box-body-inner\">\n                                                <h3 class=\"elementskit-info-box-title\">\n\n                        \u0130ZTES 550 Linear PLC Tam Otomatik\n                        \n                    <\/h3>\n                                                            <div class=\"elementskit-box-style-content\">\n                        \u00d8550 Linear PLC Tam Otomatik                    <\/div>\n                                    <\/div>\n\n                                <div class=\"elementskit-box-footer\">\n                    <div class=\"box-footer\">\n                        <div class=\"btn-wraper\">\n                                                            <a href=\"https:\/\/iztesmakina.net\/?page_id=1762\" class=\"elementskit-btn whitespace--normal\">\n                                    \n                                    \n                                    Daha Fazla                                <\/a>\n                                                        <\/div>\n                    <\/div>\n                <\/div>\n                            <\/div>\n            <\/div>\n    <\/div>\t\t\t\t<\/div>\n\t\t\t\t<\/div>\n\t\t\t\t\t<\/div>\n\t\t\t\t<\/div>\n\t\t<div class=\"elementor-element elementor-element-f7f86b3 e-grid e-con-boxed e-con e-parent\" data-id=\"f7f86b3\" data-element_type=\"container\" data-e-type=\"container\" data-settings=\"{&quot;_ha_eqh_enable&quot;:false}\">\n\t\t\t\t\t<div class=\"e-con-inner\">\n\t\t\t\t\t<\/div>\n\t\t\t\t<\/div>\n\t\t<div class=\"elementor-element elementor-element-58cdb12 e-grid e-con-boxed e-con e-parent\" data-id=\"58cdb12\" data-element_type=\"container\" data-e-type=\"container\" data-settings=\"{&quot;_ha_eqh_enable&quot;:false}\">\n\t\t\t\t\t<div class=\"e-con-inner\">\n\t\t\t\t\t<\/div>\n\t\t\t\t<\/div>\n\t\t\t\t<\/div>\n\t\t","protected":false},"excerpt":{"rendered":"<p>\u0130ZTES 350 Linear PLC Tam Otomatik \u00d8350 Linear PLC Tam Otomatik Daha Fazla \u0130ZTES 450 Linear PLC Tam Otomatik \u00d8450 Linear PLC Tam Otomatik Daha Fazla \u0130ZTES 550 Linear PLC Tam Otomatik \u00d8550 Linear PLC Tam Otomatik Daha Fazla<\/p>\n","protected":false},"author":1,"featured_media":0,"parent":0,"menu_order":0,"comment_status":"closed","ping_status":"closed","template":"","meta":{"_joinchat":[],"footnotes":""},"class_list":["post-1552","page","type-page","status-publish","hentry"],"_links":{"self":[{"href":"https:\/\/iztesmakina.net\/index.php?rest_route=\/wp\/v2\/pages\/1552","targetHints":{"allow":["GET"]}}],"collection":[{"href":"https:\/\/iztesmakina.net\/index.php?rest_route=\/wp\/v2\/pages"}],"about":[{"href":"https:\/\/iztesmakina.net\/index.php?rest_route=\/wp\/v2\/types\/page"}],"author":[{"embeddable":true,"href":"https:\/\/iztesmakina.net\/index.php?rest_route=\/wp\/v2\/users\/1"}],"replies":[{"embeddable":true,"href":"https:\/\/iztesmakina.net\/index.php?rest_route=%2Fwp%2Fv2%2Fcomments&post=1552"}],"version-history":[{"count":13,"href":"https:\/\/iztesmakina.net\/index.php?rest_route=\/wp\/v2\/pages\/1552\/revisions"}],"predecessor-version":[{"id":1781,"href":"https:\/\/iztesmakina.net\/index.php?rest_route=\/wp\/v2\/pages\/1552\/revisions\/1781"}],"wp:attachment":[{"href":"https:\/\/iztesmakina.net\/index.php?rest_route=%2Fwp%2Fv2%2Fmedia&parent=1552"}],"curies":[{"name":"wp","href":"https:\/\/api.w.org\/{rel}","templated":true}]}}