{"id":1984,"date":"2026-01-13T09:24:15","date_gmt":"2026-01-13T06:24:15","guid":{"rendered":"https:\/\/iztesmakina.net\/?page_id=1984"},"modified":"2026-01-13T11:01:30","modified_gmt":"2026-01-13T08:01:30","slug":"roll-form-cozumleri","status":"publish","type":"page","link":"https:\/\/iztesmakina.net\/?page_id=1984","title":{"rendered":"Roll Form \u00c7\u00f6z\u00fcmleri"},"content":{"rendered":"\t\t<div data-elementor-type=\"wp-page\" data-elementor-id=\"1984\" class=\"elementor elementor-1984\" data-elementor-settings=\"{&quot;ha_cmc_init_switcher&quot;:&quot;no&quot;}\">\n\t\t\t\t<div class=\"elementor-element elementor-element-a2754d4 e-grid e-con-boxed e-con e-parent\" data-id=\"a2754d4\" data-element_type=\"container\" data-e-type=\"container\" data-settings=\"{&quot;_ha_eqh_enable&quot;:false}\">\n\t\t\t\t\t<div class=\"e-con-inner\">\n\t\t\t\t<div class=\"elementor-element elementor-element-d794239 ekit-equal-height-disable elementor-widget elementor-widget-elementskit-image-box\" data-id=\"d794239\" data-element_type=\"widget\" data-e-type=\"widget\" data-widget_type=\"elementskit-image-box.default\">\n\t\t\t\t<div class=\"elementor-widget-container\">\n\t\t\t\t\t<div class=\"ekit-wid-con\" >\n            <div class=\"elementskit-info-image-box ekit-image-box text-center simple-card\" >\n\n                \n                <div class=\"elementskit-box-header image-box-img-center\">\n\n                    <img fetchpriority=\"high\" decoding=\"async\" width=\"1920\" height=\"1080\" src=\"https:\/\/iztesmakina.net\/wp-content\/uploads\/2026\/01\/IZTES-S60-YARI-OTOMATIK-CAPRAZ-2.jpg\" class=\"attachment-full size-full wp-image-1993\" alt=\"\" srcset=\"https:\/\/iztesmakina.net\/wp-content\/uploads\/2026\/01\/IZTES-S60-YARI-OTOMATIK-CAPRAZ-2.jpg 1920w, https:\/\/iztesmakina.net\/wp-content\/uploads\/2026\/01\/IZTES-S60-YARI-OTOMATIK-CAPRAZ-2-300x169.jpg 300w, https:\/\/iztesmakina.net\/wp-content\/uploads\/2026\/01\/IZTES-S60-YARI-OTOMATIK-CAPRAZ-2-1024x576.jpg 1024w, https:\/\/iztesmakina.net\/wp-content\/uploads\/2026\/01\/IZTES-S60-YARI-OTOMATIK-CAPRAZ-2-768x432.jpg 768w, https:\/\/iztesmakina.net\/wp-content\/uploads\/2026\/01\/IZTES-S60-YARI-OTOMATIK-CAPRAZ-2-1536x864.jpg 1536w\" sizes=\"(max-width: 1920px) 100vw, 1920px\" \/>\n                <\/div>\n                \n                <div class=\"elementskit-box-body ekit-image-box-body\">\n                    <div class=\"elementskit-box-content ekit-image-box-body-inner\">\n                                                <h3 class=\"elementskit-info-box-title\">\n\n                        \u0130ZTES S 60 Yar\u0131 Otomatik \n                        \n                    <\/h3>\n                                                            <div class=\"elementskit-box-style-content\">\n                        \u00d860 Linear Yar\u0131 Otomatik Roll Form                    <\/div>\n                                    <\/div>\n\n                                <div class=\"elementskit-box-footer\">\n                    <div class=\"box-footer\">\n                        <div class=\"btn-wraper\">\n                                                            <a href=\"https:\/\/iztesmakina.net\/?page_id=2006\" class=\"elementskit-btn whitespace--normal\">\n                                    \n                                    \n                                    Daha Fazla                                <\/a>\n                                                        <\/div>\n                    <\/div>\n                <\/div>\n                            <\/div>\n            <\/div>\n    <\/div>\t\t\t\t<\/div>\n\t\t\t\t<\/div>\n\t\t\t\t\t<\/div>\n\t\t\t\t<\/div>\n\t\t\t\t<\/div>\n\t\t","protected":false},"excerpt":{"rendered":"<p>\u0130ZTES S 60 Yar\u0131 Otomatik \u00d860 Linear Yar\u0131 Otomatik Roll Form Daha Fazla<\/p>\n","protected":false},"author":1,"featured_media":0,"parent":0,"menu_order":0,"comment_status":"closed","ping_status":"closed","template":"","meta":{"_joinchat":[],"footnotes":""},"class_list":["post-1984","page","type-page","status-publish","hentry"],"_links":{"self":[{"href":"https:\/\/iztesmakina.net\/index.php?rest_route=\/wp\/v2\/pages\/1984","targetHints":{"allow":["GET"]}}],"collection":[{"href":"https:\/\/iztesmakina.net\/index.php?rest_route=\/wp\/v2\/pages"}],"about":[{"href":"https:\/\/iztesmakina.net\/index.php?rest_route=\/wp\/v2\/types\/page"}],"author":[{"embeddable":true,"href":"https:\/\/iztesmakina.net\/index.php?rest_route=\/wp\/v2\/users\/1"}],"replies":[{"embeddable":true,"href":"https:\/\/iztesmakina.net\/index.php?rest_route=%2Fwp%2Fv2%2Fcomments&post=1984"}],"version-history":[{"count":7,"href":"https:\/\/iztesmakina.net\/index.php?rest_route=\/wp\/v2\/pages\/1984\/revisions"}],"predecessor-version":[{"id":2010,"href":"https:\/\/iztesmakina.net\/index.php?rest_route=\/wp\/v2\/pages\/1984\/revisions\/2010"}],"wp:attachment":[{"href":"https:\/\/iztesmakina.net\/index.php?rest_route=%2Fwp%2Fv2%2Fmedia&parent=1984"}],"curies":[{"name":"wp","href":"https:\/\/api.w.org\/{rel}","templated":true}]}}