{"id":267,"date":"2025-04-03T13:16:41","date_gmt":"2025-04-03T10:16:41","guid":{"rendered":"http:\/\/localhost\/?page_id=267"},"modified":"2025-04-08T23:20:39","modified_gmt":"2025-04-08T20:20:39","slug":"about-us-2","status":"publish","type":"page","link":"https:\/\/iztesmakina.net\/?page_id=267","title":{"rendered":"Hakk\u0131m\u0131zda"},"content":{"rendered":"\t\t<div data-elementor-type=\"wp-page\" data-elementor-id=\"267\" class=\"elementor elementor-267\" data-elementor-settings=\"{&quot;ha_cmc_init_switcher&quot;:&quot;no&quot;}\">\n\t\t\t\t\t\t<section class=\"elementor-section elementor-top-section elementor-element elementor-element-66e3ebe5 elementor-section-height-min-height elementor-section-boxed elementor-section-height-default elementor-section-items-middle\" data-id=\"66e3ebe5\" data-element_type=\"section\" data-e-type=\"section\" data-settings=\"{&quot;background_background&quot;:&quot;classic&quot;,&quot;_ha_eqh_enable&quot;:false}\">\n\t\t\t\t\t\t<div class=\"elementor-container elementor-column-gap-default\">\n\t\t\t\t\t<div class=\"elementor-column elementor-col-100 elementor-top-column elementor-element elementor-element-2ff873f0\" data-id=\"2ff873f0\" data-element_type=\"column\" data-e-type=\"column\">\n\t\t\t<div class=\"elementor-widget-wrap elementor-element-populated\">\n\t\t\t\t\t\t<div class=\"elementor-element elementor-element-36533fb4 elementor-widget elementor-widget-elementskit-heading\" data-id=\"36533fb4\" data-element_type=\"widget\" data-e-type=\"widget\" data-widget_type=\"elementskit-heading.default\">\n\t\t\t\t<div class=\"elementor-widget-container\">\n\t\t\t\t\t<div class=\"ekit-wid-con\" ><div class=\"ekit-heading elementskit-section-title-wraper text_center   ekit_heading_tablet-   ekit_heading_mobile-\"><h2 class=\"ekit-heading--title elementskit-section-title \">Hakk\u0131m\u0131zda<\/h2><\/div><\/div>\t\t\t\t<\/div>\n\t\t\t\t<\/div>\n\t\t\t\t\t<\/div>\n\t\t<\/div>\n\t\t\t\t\t<\/div>\n\t\t<\/section>\n\t\t\t\t<section class=\"elementor-section elementor-top-section elementor-element elementor-element-c176d7a elementor-section-boxed elementor-section-height-default elementor-section-height-default\" data-id=\"c176d7a\" data-element_type=\"section\" data-e-type=\"section\" data-settings=\"{&quot;background_background&quot;:&quot;classic&quot;,&quot;_ha_eqh_enable&quot;:false}\">\n\t\t\t\t\t\t<div class=\"elementor-container elementor-column-gap-default\">\n\t\t\t\t\t<div class=\"elementor-column elementor-col-100 elementor-top-column elementor-element elementor-element-7573151c\" data-id=\"7573151c\" data-element_type=\"column\" data-e-type=\"column\">\n\t\t\t<div class=\"elementor-widget-wrap elementor-element-populated\">\n\t\t\t\t\t\t<section class=\"elementor-section elementor-inner-section elementor-element elementor-element-10406262 elementor-section-boxed elementor-section-height-default elementor-section-height-default\" data-id=\"10406262\" data-element_type=\"section\" data-e-type=\"section\" data-settings=\"{&quot;_ha_eqh_enable&quot;:false}\">\n\t\t\t\t\t\t<div class=\"elementor-container elementor-column-gap-default\">\n\t\t\t\t\t<div class=\"elementor-column elementor-col-100 elementor-inner-column elementor-element elementor-element-44fa5e4b\" data-id=\"44fa5e4b\" data-element_type=\"column\" data-e-type=\"column\">\n\t\t\t<div class=\"elementor-widget-wrap elementor-element-populated\">\n\t\t\t\t\t\t<div class=\"elementor-element elementor-element-622babc7 elementor-widget-tablet__width-initial elementor-widget-mobile__width-initial elementor-widget elementor-widget-elementskit-heading\" data-id=\"622babc7\" data-element_type=\"widget\" data-e-type=\"widget\" data-widget_type=\"elementskit-heading.default\">\n\t\t\t\t<div class=\"elementor-widget-container\">\n\t\t\t\t\t<div class=\"ekit-wid-con\" ><div class=\"ekit-heading elementskit-section-title-wraper text_left   ekit_heading_tablet-text_center   ekit_heading_mobile-\"><h2 class=\"ekit-heading--title elementskit-section-title \">\u0130ZTES TESTERE VE MAK\u0130NA<\/h2>\t\t\t\t<div class='ekit-heading__description'>\n\t\t\t\t\t<p><strong>Hakk\u0131m\u0131zda<\/strong><\/p>\n<p>2006 y\u0131l\u0131nda bir aile \u015firketi olarak kurulan \u0130ZTES, bug\u00fcn T\u00fcrkiye'nin \u00f6nde gelen metal kesme makineleri \u00fcreticilerinden biri konumundad\u0131r.<\/p>\n<p class=\"\">Kesme teknolojisine duydu\u011fumuz tutku ve kararl\u0131l\u0131kla, \u015ferit ve dairesel testere makineleri alan\u0131nda uzmanla\u015farak sekt\u00f6rde g\u00fc\u00e7l\u00fc bir yetkinlik kazand\u0131k. Kurulu\u015fumuzdan itibaren bu alana odaklanarak, her t\u00fcrl\u00fc metal kesimine y\u00f6nelik geni\u015f \u00fcr\u00fcn yelpazemizle m\u00fc\u015fterilerimize y\u00fcksek kaliteli ve g\u00fcvenilir \u00e7\u00f6z\u00fcmler sunmaktay\u0131z.<\/p>\n<p>\u00dcretim faaliyetlerimizi 1000 m\u00b2 kapal\u0131 alana sahip modern tesisimizde s\u00fcrd\u00fcrerek, kalite ve verimlili\u011fi \u00f6n planda tutan bir \u00fcretim anlay\u0131\u015f\u0131n\u0131 benimsemekteyiz.<\/p>\n<p class=\"\">\u0130ZTES, sekt\u00f6rde eksiksiz tedarik sa\u011flayabilen say\u0131l\u0131 firmalardan biri olarak, \u015ferit testerelerden daire testerelere ve haddehane kesim tesislerine kadar uzanan kapsaml\u0131 sistem \u00e7\u00f6z\u00fcmleri geli\u015ftirmektedir.<\/p>\n<p class=\"\">K\u00fcresel kesme teknolojilerindeki geli\u015fmeleri yak\u0131ndan takip ediyor, s\u00fcrekli iyile\u015ftirme anlay\u0131\u015f\u0131yla kendimizi geli\u015ftiriyor ve edindi\u011fimiz bilgi birikimini m\u00fc\u015fterilerimizle payla\u015farak, en verimli ve ileri d\u00fczey \u00e7\u00f6z\u00fcmleri sunmay\u0131 hedefliyoruz.<\/p>\n<p>\u00a0<\/p>\n<p><strong>V\u0130ZYON<\/strong><\/p>\n<p class=\"\">Kesme teknolojisine olan tutkumuzla, \u015ferit ve dairesel testere makineleri alan\u0131nda uzmanla\u015farak metal kesiminde sekt\u00f6re y\u00f6n veren bir firma haline gelmeyi hedefliyoruz. K\u00fcresel kesme teknolojilerini yak\u0131ndan takip ederek, s\u00fcrekli geli\u015fen bilgi birikimimizi m\u00fc\u015fterilerimizle payla\u015f\u0131yor; verimlili\u011fi ve ileri d\u00fczey \u00e7\u00f6z\u00fcmleri \u00f6n planda tutan, eksiksiz ve yenilik\u00e7i sistemler sunan lider bir marka olmay\u0131 vizyon ediniyoruz.<\/p>\n<p>\u00a0<\/p>\n<p><strong>M\u0130SYONUMUZ<\/strong><\/p>\n<p>Metal kesim alan\u0131nda, \u015ferit ve dairesel testere makineleri ile haddehane kesim \u00e7\u00f6z\u00fcmleri sunarak m\u00fc\u015fterilerimizin \u00fcretim s\u00fcre\u00e7lerini daha verimli, g\u00fcvenilir ve s\u00fcrd\u00fcr\u00fclebilir hale getirmek. Teknolojik geli\u015fmeleri yak\u0131ndan takip ederek kaliteli, yenilik\u00e7i ve kullan\u0131c\u0131 odakl\u0131 \u00fcr\u00fcnler geli\u015ftirmek; sat\u0131\u015f \u00f6ncesi ve sonras\u0131 hizmetlerle m\u00fc\u015fteri memnuniyetini en \u00fcst d\u00fczeyde tutmak temel misyonumuzdur.<\/p>\n\t\t\t\t<\/div>\n\t\t\t<\/div><\/div>\t\t\t\t<\/div>\n\t\t\t\t<\/div>\n\t\t\t\t\t<\/div>\n\t\t<\/div>\n\t\t\t\t\t<\/div>\n\t\t<\/section>\n\t\t\t\t\t<\/div>\n\t\t<\/div>\n\t\t\t\t\t<\/div>\n\t\t<\/section>\n\t\t\t\t<\/div>\n\t\t","protected":false},"excerpt":{"rendered":"<p>Hakk\u0131m\u0131zda \u0130ZTES TESTERE VE MAK\u0130NA Hakk\u0131m\u0131zda 2006 y\u0131l\u0131nda bir aile \u015firketi olarak kurulan \u0130ZTES, bug\u00fcn T\u00fcrkiye&#8217;nin \u00f6nde gelen metal kesme makineleri \u00fcreticilerinden biri konumundad\u0131r. Kesme teknolojisine duydu\u011fumuz tutku ve kararl\u0131l\u0131kla, \u015ferit ve dairesel testere makineleri alan\u0131nda uzmanla\u015farak sekt\u00f6rde g\u00fc\u00e7l\u00fc bir yetkinlik kazand\u0131k. Kurulu\u015fumuzdan itibaren bu alana odaklanarak, her t\u00fcrl\u00fc metal kesimine y\u00f6nelik geni\u015f \u00fcr\u00fcn yelpazemizle [&hellip;]<\/p>\n","protected":false},"author":1,"featured_media":0,"parent":0,"menu_order":0,"comment_status":"closed","ping_status":"closed","template":"","meta":{"_joinchat":[],"footnotes":""},"class_list":["post-267","page","type-page","status-publish","hentry"],"_links":{"self":[{"href":"https:\/\/iztesmakina.net\/index.php?rest_route=\/wp\/v2\/pages\/267","targetHints":{"allow":["GET"]}}],"collection":[{"href":"https:\/\/iztesmakina.net\/index.php?rest_route=\/wp\/v2\/pages"}],"about":[{"href":"https:\/\/iztesmakina.net\/index.php?rest_route=\/wp\/v2\/types\/page"}],"author":[{"embeddable":true,"href":"https:\/\/iztesmakina.net\/index.php?rest_route=\/wp\/v2\/users\/1"}],"replies":[{"embeddable":true,"href":"https:\/\/iztesmakina.net\/index.php?rest_route=%2Fwp%2Fv2%2Fcomments&post=267"}],"version-history":[{"count":6,"href":"https:\/\/iztesmakina.net\/index.php?rest_route=\/wp\/v2\/pages\/267\/revisions"}],"predecessor-version":[{"id":818,"href":"https:\/\/iztesmakina.net\/index.php?rest_route=\/wp\/v2\/pages\/267\/revisions\/818"}],"wp:attachment":[{"href":"https:\/\/iztesmakina.net\/index.php?rest_route=%2Fwp%2Fv2%2Fmedia&parent=267"}],"curies":[{"name":"wp","href":"https:\/\/api.w.org\/{rel}","templated":true}]}}