{"id":880,"date":"2025-05-12T20:39:20","date_gmt":"2025-05-12T17:39:20","guid":{"rendered":"https:\/\/iztesmakina.net\/?page_id=880"},"modified":"2025-07-16T10:02:47","modified_gmt":"2025-07-16T07:02:47","slug":"sutunlu-testereler","status":"publish","type":"page","link":"https:\/\/iztesmakina.net\/?page_id=880","title":{"rendered":"S\u00fctunlu Testereler"},"content":{"rendered":"\t\t<div data-elementor-type=\"wp-page\" data-elementor-id=\"880\" class=\"elementor elementor-880\" data-elementor-settings=\"{&quot;ha_cmc_init_switcher&quot;:&quot;no&quot;}\">\n\t\t\t\t<div class=\"elementor-element elementor-element-4fee570 e-grid e-con-boxed e-con e-parent\" data-id=\"4fee570\" data-element_type=\"container\" data-e-type=\"container\" data-settings=\"{&quot;_ha_eqh_enable&quot;:false}\">\n\t\t\t\t\t<div class=\"e-con-inner\">\n\t\t\t\t<div class=\"elementor-element elementor-element-407e12e ekit-equal-height-disable elementor-widget elementor-widget-elementskit-image-box\" data-id=\"407e12e\" data-element_type=\"widget\" data-e-type=\"widget\" data-widget_type=\"elementskit-image-box.default\">\n\t\t\t\t<div class=\"elementor-widget-container\">\n\t\t\t\t\t<div class=\"ekit-wid-con\" >\n            <div class=\"elementskit-info-image-box ekit-image-box text-center simple-card\" >\n\n                \n                <div class=\"elementskit-box-header image-box-img-center\">\n\n                    <img fetchpriority=\"high\" decoding=\"async\" width=\"1392\" height=\"1122\" src=\"https:\/\/iztesmakina.net\/wp-content\/uploads\/2025\/06\/350x600-Linear-Yari-Otomatik.png\" class=\"attachment-full size-full wp-image-1408\" alt=\"\" srcset=\"https:\/\/iztesmakina.net\/wp-content\/uploads\/2025\/06\/350x600-Linear-Yari-Otomatik.png 1392w, https:\/\/iztesmakina.net\/wp-content\/uploads\/2025\/06\/350x600-Linear-Yari-Otomatik-300x242.png 300w, https:\/\/iztesmakina.net\/wp-content\/uploads\/2025\/06\/350x600-Linear-Yari-Otomatik-1024x825.png 1024w, https:\/\/iztesmakina.net\/wp-content\/uploads\/2025\/06\/350x600-Linear-Yari-Otomatik-768x619.png 768w\" sizes=\"(max-width: 1392px) 100vw, 1392px\" \/>\n                <\/div>\n                \n                <div class=\"elementskit-box-body ekit-image-box-body\">\n                    <div class=\"elementskit-box-content ekit-image-box-body-inner\">\n                                                <h3 class=\"elementskit-info-box-title\">\n\n                        \u0130ZTES 350x600 Linear Yar\u0131 Otomatik\n                        \n                    <\/h3>\n                                                            <div class=\"elementskit-box-style-content\">\n                        \u00d8350 Linear S\u00fctunlu Yar\u0131 Otomatik                    <\/div>\n                                    <\/div>\n\n                                <div class=\"elementskit-box-footer\">\n                    <div class=\"box-footer\">\n                        <div class=\"btn-wraper\">\n                                                            <a href=\"https:\/\/iztesmakina.net\/?page_id=1437\" class=\"elementskit-btn whitespace--normal\">\n                                    \n                                    \n                                    Daha Fazla                                <\/a>\n                                                        <\/div>\n                    <\/div>\n                <\/div>\n                            <\/div>\n            <\/div>\n    <\/div>\t\t\t\t<\/div>\n\t\t\t\t<\/div>\n\t\t\t\t<div class=\"elementor-element elementor-element-ab3f89a ekit-equal-height-disable elementor-widget elementor-widget-elementskit-image-box\" data-id=\"ab3f89a\" data-element_type=\"widget\" data-e-type=\"widget\" data-widget_type=\"elementskit-image-box.default\">\n\t\t\t\t<div class=\"elementor-widget-container\">\n\t\t\t\t\t<div class=\"ekit-wid-con\" >\n            <div class=\"elementskit-info-image-box ekit-image-box text-center simple-card\" >\n\n                \n                <div class=\"elementskit-box-header image-box-img-center\">\n\n                    <img decoding=\"async\" width=\"1392\" height=\"1122\" src=\"https:\/\/iztesmakina.net\/wp-content\/uploads\/2025\/06\/450x650-Yari-Otomatik.png\" class=\"attachment-full size-full wp-image-1411\" alt=\"\" srcset=\"https:\/\/iztesmakina.net\/wp-content\/uploads\/2025\/06\/450x650-Yari-Otomatik.png 1392w, https:\/\/iztesmakina.net\/wp-content\/uploads\/2025\/06\/450x650-Yari-Otomatik-300x242.png 300w, https:\/\/iztesmakina.net\/wp-content\/uploads\/2025\/06\/450x650-Yari-Otomatik-1024x825.png 1024w, https:\/\/iztesmakina.net\/wp-content\/uploads\/2025\/06\/450x650-Yari-Otomatik-768x619.png 768w\" sizes=\"(max-width: 1392px) 100vw, 1392px\" \/>\n                <\/div>\n                \n                <div class=\"elementskit-box-body ekit-image-box-body\">\n                    <div class=\"elementskit-box-content ekit-image-box-body-inner\">\n                                                <h3 class=\"elementskit-info-box-title\">\n\n                        \u0130ZTES 450x650 Linear Yar\u0131 Otomatik\n                        \n                    <\/h3>\n                                                            <div class=\"elementskit-box-style-content\">\n                        \u00d8450 Linear S\u00fctunlu Yar\u0131 Otomatik                    <\/div>\n                                    <\/div>\n\n                                <div class=\"elementskit-box-footer\">\n                    <div class=\"box-footer\">\n                        <div class=\"btn-wraper\">\n                                                            <a href=\"https:\/\/iztesmakina.net\/?page_id=1473\" class=\"elementskit-btn whitespace--normal\">\n                                    \n                                    \n                                    Daha Fazla                                <\/a>\n                                                        <\/div>\n                    <\/div>\n                <\/div>\n                            <\/div>\n            <\/div>\n    <\/div>\t\t\t\t<\/div>\n\t\t\t\t<\/div>\n\t\t\t\t<div class=\"elementor-element elementor-element-a32e617 ekit-equal-height-disable elementor-widget elementor-widget-elementskit-image-box\" data-id=\"a32e617\" data-element_type=\"widget\" data-e-type=\"widget\" data-widget_type=\"elementskit-image-box.default\">\n\t\t\t\t<div class=\"elementor-widget-container\">\n\t\t\t\t\t<div class=\"ekit-wid-con\" >\n            <div class=\"elementskit-info-image-box ekit-image-box text-center simple-card\" >\n\n                \n                <div class=\"elementskit-box-header image-box-img-center\">\n\n                    <img decoding=\"async\" width=\"1392\" height=\"1122\" src=\"https:\/\/iztesmakina.net\/wp-content\/uploads\/2025\/06\/550x700-Linear-Yari-Otomatik.png\" class=\"attachment-full size-full wp-image-1413\" alt=\"\" srcset=\"https:\/\/iztesmakina.net\/wp-content\/uploads\/2025\/06\/550x700-Linear-Yari-Otomatik.png 1392w, https:\/\/iztesmakina.net\/wp-content\/uploads\/2025\/06\/550x700-Linear-Yari-Otomatik-300x242.png 300w, https:\/\/iztesmakina.net\/wp-content\/uploads\/2025\/06\/550x700-Linear-Yari-Otomatik-1024x825.png 1024w, https:\/\/iztesmakina.net\/wp-content\/uploads\/2025\/06\/550x700-Linear-Yari-Otomatik-768x619.png 768w\" sizes=\"(max-width: 1392px) 100vw, 1392px\" \/>\n                <\/div>\n                \n                <div class=\"elementskit-box-body ekit-image-box-body\">\n                    <div class=\"elementskit-box-content ekit-image-box-body-inner\">\n                                                <h3 class=\"elementskit-info-box-title\">\n\n                        \u0130ZTES 550x700 Linear Yar\u0131 Otomatik\n                        \n                    <\/h3>\n                                                            <div class=\"elementskit-box-style-content\">\n                        \u00d8550 Linear S\u00fctunlu Yar\u0131 Otomatik                    <\/div>\n                                    <\/div>\n\n                                <div class=\"elementskit-box-footer\">\n                    <div class=\"box-footer\">\n                        <div class=\"btn-wraper\">\n                                                            <a href=\"https:\/\/iztesmakina.net\/?page_id=1655\" class=\"elementskit-btn whitespace--normal\">\n                                    \n                                    \n                                    Daha Fazla                                <\/a>\n                                                        <\/div>\n                    <\/div>\n                <\/div>\n                            <\/div>\n            <\/div>\n    <\/div>\t\t\t\t<\/div>\n\t\t\t\t<\/div>\n\t\t\t\t<div class=\"elementor-element elementor-element-eefecd8 ekit-equal-height-disable elementor-widget elementor-widget-elementskit-image-box\" data-id=\"eefecd8\" data-element_type=\"widget\" data-e-type=\"widget\" data-widget_type=\"elementskit-image-box.default\">\n\t\t\t\t<div class=\"elementor-widget-container\">\n\t\t\t\t\t<div class=\"ekit-wid-con\" >\n            <div class=\"elementskit-info-image-box ekit-image-box text-center simple-card\" >\n\n                \n                <div class=\"elementskit-box-header image-box-img-center\">\n\n                    <img loading=\"lazy\" decoding=\"async\" width=\"1392\" height=\"1122\" src=\"https:\/\/iztesmakina.net\/wp-content\/uploads\/2025\/06\/650x800-Yari-Otomatik.png\" class=\"attachment-full size-full wp-image-1416\" alt=\"\" srcset=\"https:\/\/iztesmakina.net\/wp-content\/uploads\/2025\/06\/650x800-Yari-Otomatik.png 1392w, https:\/\/iztesmakina.net\/wp-content\/uploads\/2025\/06\/650x800-Yari-Otomatik-300x242.png 300w, https:\/\/iztesmakina.net\/wp-content\/uploads\/2025\/06\/650x800-Yari-Otomatik-1024x825.png 1024w, https:\/\/iztesmakina.net\/wp-content\/uploads\/2025\/06\/650x800-Yari-Otomatik-768x619.png 768w\" sizes=\"(max-width: 1392px) 100vw, 1392px\" \/>\n                <\/div>\n                \n                <div class=\"elementskit-box-body ekit-image-box-body\">\n                    <div class=\"elementskit-box-content ekit-image-box-body-inner\">\n                                                <h3 class=\"elementskit-info-box-title\">\n\n                        \u0130ZTES 650x800 Linear Yar\u0131 Otomatik\n                        \n                    <\/h3>\n                                                            <div class=\"elementskit-box-style-content\">\n                        \u00d8650 Linear S\u00fctunlu Yar\u0131 Otomatik                    <\/div>\n                                    <\/div>\n\n                                <div class=\"elementskit-box-footer\">\n                    <div class=\"box-footer\">\n                        <div class=\"btn-wraper\">\n                                                            <a href=\"https:\/\/iztesmakina.net\/?page_id=1669\" class=\"elementskit-btn whitespace--normal\">\n                                    \n                                    \n                                    Daha Fazla                                <\/a>\n                                                        <\/div>\n                    <\/div>\n                <\/div>\n                            <\/div>\n            <\/div>\n    <\/div>\t\t\t\t<\/div>\n\t\t\t\t<\/div>\n\t\t\t\t<div class=\"elementor-element elementor-element-e0159f9 ekit-equal-height-disable elementor-widget elementor-widget-elementskit-image-box\" data-id=\"e0159f9\" data-element_type=\"widget\" data-e-type=\"widget\" data-widget_type=\"elementskit-image-box.default\">\n\t\t\t\t<div class=\"elementor-widget-container\">\n\t\t\t\t\t<div class=\"ekit-wid-con\" >\n            <div class=\"elementskit-info-image-box ekit-image-box text-center simple-card\" >\n\n                \n                <div class=\"elementskit-box-header image-box-img-center\">\n\n                    <img loading=\"lazy\" decoding=\"async\" width=\"1392\" height=\"1122\" src=\"https:\/\/iztesmakina.net\/wp-content\/uploads\/2025\/06\/850x1600-Linear-Yari-Otomatik-2.png\" class=\"attachment-full size-full wp-image-1582\" alt=\"\" srcset=\"https:\/\/iztesmakina.net\/wp-content\/uploads\/2025\/06\/850x1600-Linear-Yari-Otomatik-2.png 1392w, https:\/\/iztesmakina.net\/wp-content\/uploads\/2025\/06\/850x1600-Linear-Yari-Otomatik-2-300x242.png 300w, https:\/\/iztesmakina.net\/wp-content\/uploads\/2025\/06\/850x1600-Linear-Yari-Otomatik-2-1024x825.png 1024w, https:\/\/iztesmakina.net\/wp-content\/uploads\/2025\/06\/850x1600-Linear-Yari-Otomatik-2-768x619.png 768w\" sizes=\"(max-width: 1392px) 100vw, 1392px\" \/>\n                <\/div>\n                \n                <div class=\"elementskit-box-body ekit-image-box-body\">\n                    <div class=\"elementskit-box-content ekit-image-box-body-inner\">\n                                                <h3 class=\"elementskit-info-box-title\">\n\n                        \u0130ZTES 850x1600 Linear Yar\u0131 Otomatik\n                        \n                    <\/h3>\n                                                            <div class=\"elementskit-box-style-content\">\n                        \u00d8850 Linear S\u00fctunlu Yar\u0131 Otomatik                    <\/div>\n                                    <\/div>\n\n                                <div class=\"elementskit-box-footer\">\n                    <div class=\"box-footer\">\n                        <div class=\"btn-wraper\">\n                                                            <a href=\"https:\/\/iztesmakina.net\/?page_id=1682\" class=\"elementskit-btn whitespace--normal\">\n                                    \n                                    \n                                    Daha Fazla                                <\/a>\n                                                        <\/div>\n                    <\/div>\n                <\/div>\n                            <\/div>\n            <\/div>\n    <\/div>\t\t\t\t<\/div>\n\t\t\t\t<\/div>\n\t\t\t\t<div class=\"elementor-element elementor-element-8a8fd60 ekit-equal-height-disable elementor-widget elementor-widget-elementskit-image-box\" data-id=\"8a8fd60\" data-element_type=\"widget\" data-e-type=\"widget\" data-widget_type=\"elementskit-image-box.default\">\n\t\t\t\t<div class=\"elementor-widget-container\">\n\t\t\t\t\t<div class=\"ekit-wid-con\" >\n            <div class=\"elementskit-info-image-box ekit-image-box text-center simple-card\" >\n\n                \n                <div class=\"elementskit-box-header image-box-img-center\">\n\n                    <img loading=\"lazy\" decoding=\"async\" width=\"1392\" height=\"1122\" src=\"https:\/\/iztesmakina.net\/wp-content\/uploads\/2025\/06\/850x900-Linear-Yari-Otomatik-1.png\" class=\"attachment-full size-full wp-image-1588\" alt=\"\" srcset=\"https:\/\/iztesmakina.net\/wp-content\/uploads\/2025\/06\/850x900-Linear-Yari-Otomatik-1.png 1392w, https:\/\/iztesmakina.net\/wp-content\/uploads\/2025\/06\/850x900-Linear-Yari-Otomatik-1-300x242.png 300w, https:\/\/iztesmakina.net\/wp-content\/uploads\/2025\/06\/850x900-Linear-Yari-Otomatik-1-1024x825.png 1024w, https:\/\/iztesmakina.net\/wp-content\/uploads\/2025\/06\/850x900-Linear-Yari-Otomatik-1-768x619.png 768w\" sizes=\"(max-width: 1392px) 100vw, 1392px\" \/>\n                <\/div>\n                \n                <div class=\"elementskit-box-body ekit-image-box-body\">\n                    <div class=\"elementskit-box-content ekit-image-box-body-inner\">\n                                                <h3 class=\"elementskit-info-box-title\">\n\n                        \u0130ZTES 850x900 Linear Yar\u0131 Otomatik\n                        \n                    <\/h3>\n                                                            <div class=\"elementskit-box-style-content\">\n                        \u00d8850 Linear S\u00fctunlu Yar\u0131 Otomatik                    <\/div>\n                                    <\/div>\n\n                                <div class=\"elementskit-box-footer\">\n                    <div class=\"box-footer\">\n                        <div class=\"btn-wraper\">\n                                                            <a href=\"https:\/\/iztesmakina.net\/?page_id=1698\" class=\"elementskit-btn whitespace--normal\">\n                                    \n                                    \n                                    Daha Fazla                                <\/a>\n                                                        <\/div>\n                    <\/div>\n                <\/div>\n                            <\/div>\n            <\/div>\n    <\/div>\t\t\t\t<\/div>\n\t\t\t\t<\/div>\n\t\t\t\t\t<\/div>\n\t\t\t\t<\/div>\n\t\t<div class=\"elementor-element elementor-element-f4ce4e6 e-grid e-con-boxed e-con e-parent\" data-id=\"f4ce4e6\" data-element_type=\"container\" data-e-type=\"container\" data-settings=\"{&quot;_ha_eqh_enable&quot;:false}\">\n\t\t\t\t\t<div class=\"e-con-inner\">\n\t\t\t\t<div class=\"elementor-element elementor-element-908e0b4 ekit-equal-height-disable elementor-widget elementor-widget-elementskit-image-box\" data-id=\"908e0b4\" data-element_type=\"widget\" data-e-type=\"widget\" data-widget_type=\"elementskit-image-box.default\">\n\t\t\t\t<div class=\"elementor-widget-container\">\n\t\t\t\t\t<div class=\"ekit-wid-con\" >\n            <div class=\"elementskit-info-image-box ekit-image-box text-center simple-card\" >\n\n                \n                <div class=\"elementskit-box-header image-box-img-center\">\n\n                    <img loading=\"lazy\" decoding=\"async\" width=\"1392\" height=\"1122\" src=\"https:\/\/iztesmakina.net\/wp-content\/uploads\/2025\/06\/580-DG-Yari-Otomatik.png\" class=\"attachment-full size-full wp-image-1593\" alt=\"\" srcset=\"https:\/\/iztesmakina.net\/wp-content\/uploads\/2025\/06\/580-DG-Yari-Otomatik.png 1392w, https:\/\/iztesmakina.net\/wp-content\/uploads\/2025\/06\/580-DG-Yari-Otomatik-300x242.png 300w, https:\/\/iztesmakina.net\/wp-content\/uploads\/2025\/06\/580-DG-Yari-Otomatik-1024x825.png 1024w, https:\/\/iztesmakina.net\/wp-content\/uploads\/2025\/06\/580-DG-Yari-Otomatik-768x619.png 768w\" sizes=\"(max-width: 1392px) 100vw, 1392px\" \/>\n                <\/div>\n                \n                <div class=\"elementskit-box-body ekit-image-box-body\">\n                    <div class=\"elementskit-box-content ekit-image-box-body-inner\">\n                                                <h3 class=\"elementskit-info-box-title\">\n\n                        \u0130ZTES 580 DG Linear Yar\u0131 Otomatik\n                        \n                    <\/h3>\n                                                            <div class=\"elementskit-box-style-content\">\n                        \u00d8580 DG Linear A\u00e7\u0131l\u0131 Yar\u0131 Otomatik                    <\/div>\n                                    <\/div>\n\n                                <div class=\"elementskit-box-footer\">\n                    <div class=\"box-footer\">\n                        <div class=\"btn-wraper\">\n                                                            <a href=\"https:\/\/iztesmakina.net\/?page_id=1714\" class=\"elementskit-btn whitespace--normal\">\n                                    \n                                    \n                                    Daha Fazla                                <\/a>\n                                                        <\/div>\n                    <\/div>\n                <\/div>\n                            <\/div>\n            <\/div>\n    <\/div>\t\t\t\t<\/div>\n\t\t\t\t<\/div>\n\t\t\t\t<div class=\"elementor-element elementor-element-2537a76 ekit-equal-height-disable elementor-widget elementor-widget-elementskit-image-box\" data-id=\"2537a76\" data-element_type=\"widget\" data-e-type=\"widget\" data-widget_type=\"elementskit-image-box.default\">\n\t\t\t\t<div class=\"elementor-widget-container\">\n\t\t\t\t\t<div class=\"ekit-wid-con\" >\n            <div class=\"elementskit-info-image-box ekit-image-box text-center simple-card\" >\n\n                \n                <div class=\"elementskit-box-header image-box-img-center\">\n\n                    <img loading=\"lazy\" decoding=\"async\" width=\"1392\" height=\"1122\" src=\"https:\/\/iztesmakina.net\/wp-content\/uploads\/2025\/06\/1100x1600-Linear-Yari-Otomatik.png\" class=\"attachment-full size-full wp-image-1598\" alt=\"\" srcset=\"https:\/\/iztesmakina.net\/wp-content\/uploads\/2025\/06\/1100x1600-Linear-Yari-Otomatik.png 1392w, https:\/\/iztesmakina.net\/wp-content\/uploads\/2025\/06\/1100x1600-Linear-Yari-Otomatik-300x242.png 300w, https:\/\/iztesmakina.net\/wp-content\/uploads\/2025\/06\/1100x1600-Linear-Yari-Otomatik-1024x825.png 1024w, https:\/\/iztesmakina.net\/wp-content\/uploads\/2025\/06\/1100x1600-Linear-Yari-Otomatik-768x619.png 768w\" sizes=\"(max-width: 1392px) 100vw, 1392px\" \/>\n                <\/div>\n                \n                <div class=\"elementskit-box-body ekit-image-box-body\">\n                    <div class=\"elementskit-box-content ekit-image-box-body-inner\">\n                                                <h3 class=\"elementskit-info-box-title\">\n\n                        \u0130ZTES 1100x1600 Linear Yar\u0131 Otomatik\n                        \n                    <\/h3>\n                                                            <div class=\"elementskit-box-style-content\">\n                        \u00d81100 Linear S\u00fctunlu Yar\u0131 Otomatik                    <\/div>\n                                    <\/div>\n\n                                <div class=\"elementskit-box-footer\">\n                    <div class=\"box-footer\">\n                        <div class=\"btn-wraper\">\n                                                            <a href=\"https:\/\/iztesmakina.net\/?page_id=1782\" class=\"elementskit-btn whitespace--normal\">\n                                    \n                                    \n                                    Daha Fazla                                <\/a>\n                                                        <\/div>\n                    <\/div>\n                <\/div>\n                            <\/div>\n            <\/div>\n    <\/div>\t\t\t\t<\/div>\n\t\t\t\t<\/div>\n\t\t\t\t<div class=\"elementor-element elementor-element-8b9ebe1 ekit-equal-height-disable elementor-widget elementor-widget-elementskit-image-box\" data-id=\"8b9ebe1\" data-element_type=\"widget\" data-e-type=\"widget\" data-widget_type=\"elementskit-image-box.default\">\n\t\t\t\t<div class=\"elementor-widget-container\">\n\t\t\t\t\t<div class=\"ekit-wid-con\" >\n            <div class=\"elementskit-info-image-box ekit-image-box text-center simple-card\" >\n\n                \n                <div class=\"elementskit-box-header image-box-img-center\">\n\n                    <img loading=\"lazy\" decoding=\"async\" width=\"1392\" height=\"1122\" src=\"https:\/\/iztesmakina.net\/wp-content\/uploads\/2025\/06\/1500X2500-TS-Linear-Yari-Otomatik.png\" class=\"attachment-full size-full wp-image-1602\" alt=\"\" srcset=\"https:\/\/iztesmakina.net\/wp-content\/uploads\/2025\/06\/1500X2500-TS-Linear-Yari-Otomatik.png 1392w, https:\/\/iztesmakina.net\/wp-content\/uploads\/2025\/06\/1500X2500-TS-Linear-Yari-Otomatik-300x242.png 300w, https:\/\/iztesmakina.net\/wp-content\/uploads\/2025\/06\/1500X2500-TS-Linear-Yari-Otomatik-1024x825.png 1024w, https:\/\/iztesmakina.net\/wp-content\/uploads\/2025\/06\/1500X2500-TS-Linear-Yari-Otomatik-768x619.png 768w\" sizes=\"(max-width: 1392px) 100vw, 1392px\" \/>\n                <\/div>\n                \n                <div class=\"elementskit-box-body ekit-image-box-body\">\n                    <div class=\"elementskit-box-content ekit-image-box-body-inner\">\n                                                <h3 class=\"elementskit-info-box-title\">\n\n                        \u0130ZTES 1500X2500 TS Linear Yar\u0131 Otomatik\n                        \n                    <\/h3>\n                                                            <div class=\"elementskit-box-style-content\">\n                        \u00d81500 Linear S\u00fctunlu Yar\u0131 Otomatik                    <\/div>\n                                    <\/div>\n\n                                <div class=\"elementskit-box-footer\">\n                    <div class=\"box-footer\">\n                        <div class=\"btn-wraper\">\n                                                            <a href=\"https:\/\/iztesmakina.net\/?page_id=1734\" class=\"elementskit-btn whitespace--normal\">\n                                    \n                                    \n                                    Daha Fazla                                <\/a>\n                                                        <\/div>\n                    <\/div>\n                <\/div>\n                            <\/div>\n            <\/div>\n    <\/div>\t\t\t\t<\/div>\n\t\t\t\t<\/div>\n\t\t\t\t\t<\/div>\n\t\t\t\t<\/div>\n\t\t\t\t<\/div>\n\t\t","protected":false},"excerpt":{"rendered":"<p>\u0130ZTES 350&#215;600 Linear Yar\u0131 Otomatik \u00d8350 Linear S\u00fctunlu Yar\u0131 Otomatik Daha Fazla \u0130ZTES 450&#215;650 Linear Yar\u0131 Otomatik \u00d8450 Linear S\u00fctunlu Yar\u0131 Otomatik Daha Fazla \u0130ZTES 550&#215;700 Linear Yar\u0131 Otomatik \u00d8550 Linear S\u00fctunlu Yar\u0131 Otomatik Daha Fazla \u0130ZTES 650&#215;800 Linear Yar\u0131 Otomatik \u00d8650 Linear S\u00fctunlu Yar\u0131 Otomatik Daha Fazla \u0130ZTES 850&#215;1600 Linear Yar\u0131 Otomatik \u00d8850 Linear [&hellip;]<\/p>\n","protected":false},"author":1,"featured_media":0,"parent":0,"menu_order":0,"comment_status":"closed","ping_status":"closed","template":"","meta":{"_joinchat":[],"footnotes":""},"class_list":["post-880","page","type-page","status-publish","hentry"],"_links":{"self":[{"href":"https:\/\/iztesmakina.net\/index.php?rest_route=\/wp\/v2\/pages\/880","targetHints":{"allow":["GET"]}}],"collection":[{"href":"https:\/\/iztesmakina.net\/index.php?rest_route=\/wp\/v2\/pages"}],"about":[{"href":"https:\/\/iztesmakina.net\/index.php?rest_route=\/wp\/v2\/types\/page"}],"author":[{"embeddable":true,"href":"https:\/\/iztesmakina.net\/index.php?rest_route=\/wp\/v2\/users\/1"}],"replies":[{"embeddable":true,"href":"https:\/\/iztesmakina.net\/index.php?rest_route=%2Fwp%2Fv2%2Fcomments&post=880"}],"version-history":[{"count":70,"href":"https:\/\/iztesmakina.net\/index.php?rest_route=\/wp\/v2\/pages\/880\/revisions"}],"predecessor-version":[{"id":1824,"href":"https:\/\/iztesmakina.net\/index.php?rest_route=\/wp\/v2\/pages\/880\/revisions\/1824"}],"wp:attachment":[{"href":"https:\/\/iztesmakina.net\/index.php?rest_route=%2Fwp%2Fv2%2Fmedia&parent=880"}],"curies":[{"name":"wp","href":"https:\/\/api.w.org\/{rel}","templated":true}]}}